{"id":249,"date":"2015-08-06T23:23:18","date_gmt":"2015-08-06T21:23:18","guid":{"rendered":"https:\/\/kapapuit.ee\/de\/?page_id=249"},"modified":"2015-08-06T23:23:18","modified_gmt":"2015-08-06T21:23:18","slug":"regale","status":"publish","type":"page","link":"https:\/\/kapapuit.ee\/de\/produkte\/regale\/","title":{"rendered":"Regale"},"content":{"rendered":"<div class=\"row twocol\">\n<div class=\"col-md-6\">\n<h3><img loading=\"lazy\" decoding=\"async\" class=\"alignleft size-full wp-image-144\" src=\"https:\/\/kapapuit.ee\/wp-content\/uploads\/2015\/08\/jalanouderiiul.jpg\" alt=\"Schuhregal\" width=\"240\" height=\"119\" \/>Schuhregal<\/h3>\n<p>Abmessungen: 0,8 x 0,3 m<br \/>\nH\u00f6he: 0,3 m<br \/>\nMaterialst\u00e4rke: 14 mm<\/p>\n<p>Oberfl\u00e4che: naturell-glatt, unlackiert, unimpr\u00e4gniert<\/p>\n<\/div>\n<div class=\"col-md-6\">\n<h3><img loading=\"lazy\" decoding=\"async\" class=\"alignleft size-medium wp-image-145\" src=\"https:\/\/kapapuit.ee\/wp-content\/uploads\/2015\/08\/majapidamisriiul-131x300.jpg\" alt=\"Regal\" width=\"131\" height=\"300\" srcset=\"https:\/\/kapapuit.ee\/wp-content\/uploads\/2015\/08\/majapidamisriiul-131x300.jpg 131w, https:\/\/kapapuit.ee\/wp-content\/uploads\/2015\/08\/majapidamisriiul.jpg 196w\" sizes=\"auto, (max-width: 131px) 100vw, 131px\" \/>Regal<\/h3>\n<p>Abmessungen: 0,8 x 0,3 m (0,5 x 0,3 m)<br \/>\nH\u00f6he: 1,76 m<br \/>\nMaterialst\u00e4rke: 14 mm<\/p>\n<p>Oberfl\u00e4che: naturell-glatt, unlackiert, unimpr\u00e4gniert<\/p>\n<\/div>\n<\/div>\n","protected":false},"excerpt":{"rendered":"<p>Schuhregal Abmessungen: 0,8 x 0,3 m H\u00f6he: 0,3 m Materialst\u00e4rke: 14 mm Oberfl\u00e4che: naturell-glatt, unlackiert, unimpr\u00e4gniert Regal Abmessungen: 0,8 x 0,3 m (0,5 x 0,3 m) H\u00f6he: 1,76 m Materialst\u00e4rke: 14 mm Oberfl\u00e4che: naturell-glatt, unlackiert, unimpr\u00e4gniert<\/p>\n","protected":false},"author":1,"featured_media":0,"parent":241,"menu_order":0,"comment_status":"closed","ping_status":"open","template":"page-tooted.php","meta":{"_acf_changed":false,"footnotes":""},"class_list":["post-249","page","type-page","status-publish","hentry"],"acf":[],"yoast_head":"<!-- This site is optimized with the Yoast SEO plugin v27.5 - https:\/\/yoast.com\/product\/yoast-seo-wordpress\/ -->\n<title>Regale - Kapa Puit<\/title>\n<meta name=\"robots\" content=\"index, follow, max-snippet:-1, max-image-preview:large, max-video-preview:-1\" \/>\n<link rel=\"canonical\" href=\"https:\/\/kapapuit.ee\/de\/produkte\/regale\/\" \/>\n<meta property=\"og:locale\" content=\"de_DE\" \/>\n<meta property=\"og:type\" content=\"article\" \/>\n<meta property=\"og:title\" content=\"Regale - Kapa Puit\" \/>\n<meta property=\"og:description\" content=\"Schuhregal Abmessungen: 0,8 x 0,3 m H\u00f6he: 0,3 m Materialst\u00e4rke: 14 mm Oberfl\u00e4che: naturell-glatt, unlackiert, unimpr\u00e4gniert Regal Abmessungen: 0,8 x 0,3 m (0,5 x 0,3 m) H\u00f6he: 1,76 m Materialst\u00e4rke: 14 mm Oberfl\u00e4che: naturell-glatt, unlackiert, unimpr\u00e4gniert\" \/>\n<meta property=\"og:url\" content=\"https:\/\/kapapuit.ee\/de\/produkte\/regale\/\" \/>\n<meta property=\"og:site_name\" content=\"Kapa Puit\" \/>\n<meta property=\"og:image\" content=\"https:\/\/kapapuit.ee\/wp-content\/uploads\/2015\/08\/jalanouderiiul.jpg\" \/>\n<script type=\"application\/ld+json\" class=\"yoast-schema-graph\">{\"@context\":\"https:\\\/\\\/schema.org\",\"@graph\":[{\"@type\":\"WebPage\",\"@id\":\"https:\\\/\\\/kapapuit.ee\\\/de\\\/produkte\\\/regale\\\/\",\"url\":\"https:\\\/\\\/kapapuit.ee\\\/de\\\/produkte\\\/regale\\\/\",\"name\":\"Regale - Kapa Puit\",\"isPartOf\":{\"@id\":\"https:\\\/\\\/kapapuit.ee\\\/de\\\/#website\"},\"primaryImageOfPage\":{\"@id\":\"https:\\\/\\\/kapapuit.ee\\\/de\\\/produkte\\\/regale\\\/#primaryimage\"},\"image\":{\"@id\":\"https:\\\/\\\/kapapuit.ee\\\/de\\\/produkte\\\/regale\\\/#primaryimage\"},\"thumbnailUrl\":\"https:\\\/\\\/kapapuit.ee\\\/wp-content\\\/uploads\\\/2015\\\/08\\\/jalanouderiiul.jpg\",\"datePublished\":\"2015-08-06T21:23:18+00:00\",\"breadcrumb\":{\"@id\":\"https:\\\/\\\/kapapuit.ee\\\/de\\\/produkte\\\/regale\\\/#breadcrumb\"},\"inLanguage\":\"de\",\"potentialAction\":[{\"@type\":\"ReadAction\",\"target\":[\"https:\\\/\\\/kapapuit.ee\\\/de\\\/produkte\\\/regale\\\/\"]}]},{\"@type\":\"ImageObject\",\"inLanguage\":\"de\",\"@id\":\"https:\\\/\\\/kapapuit.ee\\\/de\\\/produkte\\\/regale\\\/#primaryimage\",\"url\":\"https:\\\/\\\/kapapuit.ee\\\/wp-content\\\/uploads\\\/2015\\\/08\\\/jalanouderiiul.jpg\",\"contentUrl\":\"https:\\\/\\\/kapapuit.ee\\\/wp-content\\\/uploads\\\/2015\\\/08\\\/jalanouderiiul.jpg\"},{\"@type\":\"BreadcrumbList\",\"@id\":\"https:\\\/\\\/kapapuit.ee\\\/de\\\/produkte\\\/regale\\\/#breadcrumb\",\"itemListElement\":[{\"@type\":\"ListItem\",\"position\":1,\"name\":\"Home\",\"item\":\"https:\\\/\\\/kapapuit.ee\\\/de\\\/\"},{\"@type\":\"ListItem\",\"position\":2,\"name\":\"Produkte\",\"item\":\"https:\\\/\\\/kapapuit.ee\\\/de\\\/produkte\\\/\"},{\"@type\":\"ListItem\",\"position\":3,\"name\":\"Regale\"}]},{\"@type\":\"WebSite\",\"@id\":\"https:\\\/\\\/kapapuit.ee\\\/de\\\/#website\",\"url\":\"https:\\\/\\\/kapapuit.ee\\\/de\\\/\",\"name\":\"Kapa Puit\",\"description\":\"Puidust laste m\u00e4ngumajade tootmine\",\"potentialAction\":[{\"@type\":\"SearchAction\",\"target\":{\"@type\":\"EntryPoint\",\"urlTemplate\":\"https:\\\/\\\/kapapuit.ee\\\/de\\\/?s={search_term_string}\"},\"query-input\":{\"@type\":\"PropertyValueSpecification\",\"valueRequired\":true,\"valueName\":\"search_term_string\"}}],\"inLanguage\":\"de\"}]}<\/script>\n<!-- \/ Yoast SEO plugin. -->","yoast_head_json":{"title":"Regale - Kapa Puit","robots":{"index":"index","follow":"follow","max-snippet":"max-snippet:-1","max-image-preview":"max-image-preview:large","max-video-preview":"max-video-preview:-1"},"canonical":"https:\/\/kapapuit.ee\/de\/produkte\/regale\/","og_locale":"de_DE","og_type":"article","og_title":"Regale - Kapa Puit","og_description":"Schuhregal Abmessungen: 0,8 x 0,3 m H\u00f6he: 0,3 m Materialst\u00e4rke: 14 mm Oberfl\u00e4che: naturell-glatt, unlackiert, unimpr\u00e4gniert Regal Abmessungen: 0,8 x 0,3 m (0,5 x 0,3 m) H\u00f6he: 1,76 m Materialst\u00e4rke: 14 mm Oberfl\u00e4che: naturell-glatt, unlackiert, unimpr\u00e4gniert","og_url":"https:\/\/kapapuit.ee\/de\/produkte\/regale\/","og_site_name":"Kapa Puit","og_image":[{"url":"https:\/\/kapapuit.ee\/wp-content\/uploads\/2015\/08\/jalanouderiiul.jpg","type":"","width":"","height":""}],"schema":{"@context":"https:\/\/schema.org","@graph":[{"@type":"WebPage","@id":"https:\/\/kapapuit.ee\/de\/produkte\/regale\/","url":"https:\/\/kapapuit.ee\/de\/produkte\/regale\/","name":"Regale - Kapa Puit","isPartOf":{"@id":"https:\/\/kapapuit.ee\/de\/#website"},"primaryImageOfPage":{"@id":"https:\/\/kapapuit.ee\/de\/produkte\/regale\/#primaryimage"},"image":{"@id":"https:\/\/kapapuit.ee\/de\/produkte\/regale\/#primaryimage"},"thumbnailUrl":"https:\/\/kapapuit.ee\/wp-content\/uploads\/2015\/08\/jalanouderiiul.jpg","datePublished":"2015-08-06T21:23:18+00:00","breadcrumb":{"@id":"https:\/\/kapapuit.ee\/de\/produkte\/regale\/#breadcrumb"},"inLanguage":"de","potentialAction":[{"@type":"ReadAction","target":["https:\/\/kapapuit.ee\/de\/produkte\/regale\/"]}]},{"@type":"ImageObject","inLanguage":"de","@id":"https:\/\/kapapuit.ee\/de\/produkte\/regale\/#primaryimage","url":"https:\/\/kapapuit.ee\/wp-content\/uploads\/2015\/08\/jalanouderiiul.jpg","contentUrl":"https:\/\/kapapuit.ee\/wp-content\/uploads\/2015\/08\/jalanouderiiul.jpg"},{"@type":"BreadcrumbList","@id":"https:\/\/kapapuit.ee\/de\/produkte\/regale\/#breadcrumb","itemListElement":[{"@type":"ListItem","position":1,"name":"Home","item":"https:\/\/kapapuit.ee\/de\/"},{"@type":"ListItem","position":2,"name":"Produkte","item":"https:\/\/kapapuit.ee\/de\/produkte\/"},{"@type":"ListItem","position":3,"name":"Regale"}]},{"@type":"WebSite","@id":"https:\/\/kapapuit.ee\/de\/#website","url":"https:\/\/kapapuit.ee\/de\/","name":"Kapa Puit","description":"Puidust laste m\u00e4ngumajade tootmine","potentialAction":[{"@type":"SearchAction","target":{"@type":"EntryPoint","urlTemplate":"https:\/\/kapapuit.ee\/de\/?s={search_term_string}"},"query-input":{"@type":"PropertyValueSpecification","valueRequired":true,"valueName":"search_term_string"}}],"inLanguage":"de"}]}},"_links":{"self":[{"href":"https:\/\/kapapuit.ee\/de\/wp-json\/wp\/v2\/pages\/249","targetHints":{"allow":["GET"]}}],"collection":[{"href":"https:\/\/kapapuit.ee\/de\/wp-json\/wp\/v2\/pages"}],"about":[{"href":"https:\/\/kapapuit.ee\/de\/wp-json\/wp\/v2\/types\/page"}],"author":[{"embeddable":true,"href":"https:\/\/kapapuit.ee\/de\/wp-json\/wp\/v2\/users\/1"}],"replies":[{"embeddable":true,"href":"https:\/\/kapapuit.ee\/de\/wp-json\/wp\/v2\/comments?post=249"}],"version-history":[{"count":1,"href":"https:\/\/kapapuit.ee\/de\/wp-json\/wp\/v2\/pages\/249\/revisions"}],"predecessor-version":[{"id":250,"href":"https:\/\/kapapuit.ee\/de\/wp-json\/wp\/v2\/pages\/249\/revisions\/250"}],"up":[{"embeddable":true,"href":"https:\/\/kapapuit.ee\/de\/wp-json\/wp\/v2\/pages\/241"}],"wp:attachment":[{"href":"https:\/\/kapapuit.ee\/de\/wp-json\/wp\/v2\/media?parent=249"}],"curies":[{"name":"wp","href":"https:\/\/api.w.org\/{rel}","templated":true}]}}