{"id":247,"date":"2015-08-06T23:21:43","date_gmt":"2015-08-06T21:21:43","guid":{"rendered":"https:\/\/kapapuit.ee\/de\/?page_id=247"},"modified":"2015-08-06T23:21:43","modified_gmt":"2015-08-06T21:21:43","slug":"gartenmoebel","status":"publish","type":"page","link":"https:\/\/kapapuit.ee\/de\/produkte\/gartenmoebel\/","title":{"rendered":"Gartenm\u00f6bel"},"content":{"rendered":"<div class=\"row twocol\">\n<div class=\"col-md-6\">\n<p><img loading=\"lazy\" decoding=\"async\" class=\"size-full wp-image-132\" src=\"https:\/\/kapapuit.ee\/wp-content\/uploads\/2015\/08\/pink1.jpg\" alt=\"Bank\" width=\"283\" height=\"212\" \/><\/p>\n<h3>Bank<\/h3>\n<p>Abmessungen: 0,9 x 0,32 m (1,2 x 0,32)<br \/>\nH\u00f6he:0,4 m<\/p>\n<p>Oberfl\u00e4che: naturell-glatt, unlackiert, unimpr\u00e4gniert<\/p>\n<\/div>\n<div class=\"col-md-6\">\n<p><img loading=\"lazy\" decoding=\"async\" class=\"size-full wp-image-133\" src=\"https:\/\/kapapuit.ee\/wp-content\/uploads\/2015\/08\/pink2.jpg\" alt=\"Bank\" width=\"283\" height=\"212\" \/><\/p>\n<h3>Bank<\/h3>\n<p>Abmessungen: 0,9 x 0,32 m (1,2 x 0,32)<br \/>\nH\u00f6he:0,4 m<\/p>\n<p>Oberfl\u00e4che: naturell-glatt, unlackiert, unimpr\u00e4gniert<\/p>\n<\/div>\n<div class=\"col-md-6\">\n<p><img loading=\"lazy\" decoding=\"async\" class=\"size-full wp-image-134\" src=\"https:\/\/kapapuit.ee\/wp-content\/uploads\/2015\/08\/klapptool.jpg\" alt=\"Gartenstuhl\" width=\"283\" height=\"227\" \/><\/p>\n<h3>Gartenstuhl<\/h3>\n<p>Gartenstuhl mit 7 Einstellungen<\/p>\n<p>Oberfl\u00e4che: naturell-glatt, unlackiert, unimpr\u00e4gniert<\/p>\n<\/div>\n<div class=\"col-md-6\">\n<p><img loading=\"lazy\" decoding=\"async\" class=\"size-full wp-image-135\" src=\"https:\/\/kapapuit.ee\/wp-content\/uploads\/2015\/08\/piknik.jpg\" alt=\"Garten Set PIKNIK\" width=\"283\" height=\"216\" \/><\/p>\n<h3>Garten Set PIKNIK<\/h3>\n<p>Abmessungen: 0,7 x 1,45 m<br \/>\nMaterialst\u00e4rke: 28 mm<\/p>\n<p>Oberfl\u00e4che: naturell-glatt, unlackiert, unimpr\u00e4gniert<\/p>\n<\/div>\n<div class=\"col-md-6\">\n<p><img loading=\"lazy\" decoding=\"async\" class=\"size-full wp-image-137\" src=\"https:\/\/kapapuit.ee\/wp-content\/uploads\/2015\/08\/lastetool.jpg\" alt=\"Kinderstuhl Maria\" width=\"283\" height=\"212\" \/><\/p>\n<h3>Kinderstuhl Maria<\/h3>\n<p>Abmessungen: 36 x 34 cm<br \/>\nH\u00f6he (zur\u00fcck): 59 cm<br \/>\nH\u00f6he (Sitz): 30 cm<br \/>\nOberfl\u00e4che: naturell-glatt, unlackiert, unimpr\u00e4gniert<\/p>\n<\/div>\n<div class=\"col-md-6\">\n<p><img loading=\"lazy\" decoding=\"async\" class=\"size-full wp-image-138\" src=\"https:\/\/kapapuit.ee\/wp-content\/uploads\/2015\/08\/liivakast-kaanega.jpg\" alt=\"Sandkasten\" width=\"283\" height=\"212\" \/><\/p>\n<h3>Sandkasten<\/h3>\n<p>Abmessungen: 1,2 x 1,2 m<br \/>\nMaterialst\u00e4rke: 21 mm<\/p>\n<p>Lieferbar mit und ohne Deckel<\/p>\n<p>Oberfl\u00e4che: naturell-glatt, unlackiert, unimpr\u00e4gniert<\/p>\n<\/div>\n<\/div>\n","protected":false},"excerpt":{"rendered":"<p>Bank Abmessungen: 0,9 x 0,32 m (1,2 x 0,32) H\u00f6he:0,4 m Oberfl\u00e4che: naturell-glatt, unlackiert, unimpr\u00e4gniert Bank Abmessungen: 0,9 x 0,32 m (1,2 x 0,32) H\u00f6he:0,4 m Oberfl\u00e4che: naturell-glatt, unlackiert, unimpr\u00e4gniert Gartenstuhl Gartenstuhl mit 7 Einstellungen Oberfl\u00e4che: naturell-glatt, unlackiert, unimpr\u00e4gniert Garten Set PIKNIK Abmessungen: 0,7 x 1,45 m Materialst\u00e4rke: 28 mm Oberfl\u00e4che: naturell-glatt, unlackiert, unimpr\u00e4gniert Kinderstuhl [&hellip;]<\/p>\n","protected":false},"author":1,"featured_media":0,"parent":241,"menu_order":0,"comment_status":"closed","ping_status":"open","template":"page-tooted.php","meta":{"_acf_changed":false,"footnotes":""},"class_list":["post-247","page","type-page","status-publish","hentry"],"acf":[],"yoast_head":"<!-- This site is optimized with the Yoast SEO plugin v27.5 - https:\/\/yoast.com\/product\/yoast-seo-wordpress\/ -->\n<title>Gartenm\u00f6bel - Kapa Puit<\/title>\n<meta name=\"robots\" content=\"index, follow, max-snippet:-1, max-image-preview:large, max-video-preview:-1\" \/>\n<link rel=\"canonical\" href=\"https:\/\/kapapuit.ee\/de\/produkte\/gartenmoebel\/\" \/>\n<meta property=\"og:locale\" content=\"de_DE\" \/>\n<meta property=\"og:type\" content=\"article\" \/>\n<meta property=\"og:title\" content=\"Gartenm\u00f6bel - Kapa Puit\" \/>\n<meta property=\"og:description\" content=\"Bank Abmessungen: 0,9 x 0,32 m (1,2 x 0,32) H\u00f6he:0,4 m Oberfl\u00e4che: naturell-glatt, unlackiert, unimpr\u00e4gniert Bank Abmessungen: 0,9 x 0,32 m (1,2 x 0,32) H\u00f6he:0,4 m Oberfl\u00e4che: naturell-glatt, unlackiert, unimpr\u00e4gniert Gartenstuhl Gartenstuhl mit 7 Einstellungen Oberfl\u00e4che: naturell-glatt, unlackiert, unimpr\u00e4gniert Garten Set PIKNIK Abmessungen: 0,7 x 1,45 m Materialst\u00e4rke: 28 mm Oberfl\u00e4che: naturell-glatt, unlackiert, unimpr\u00e4gniert Kinderstuhl [&hellip;]\" \/>\n<meta property=\"og:url\" content=\"https:\/\/kapapuit.ee\/de\/produkte\/gartenmoebel\/\" \/>\n<meta property=\"og:site_name\" content=\"Kapa Puit\" \/>\n<meta property=\"og:image\" content=\"https:\/\/kapapuit.ee\/wp-content\/uploads\/2015\/08\/pink1.jpg\" \/>\n<script type=\"application\/ld+json\" class=\"yoast-schema-graph\">{\"@context\":\"https:\\\/\\\/schema.org\",\"@graph\":[{\"@type\":\"WebPage\",\"@id\":\"https:\\\/\\\/kapapuit.ee\\\/de\\\/produkte\\\/gartenmoebel\\\/\",\"url\":\"https:\\\/\\\/kapapuit.ee\\\/de\\\/produkte\\\/gartenmoebel\\\/\",\"name\":\"Gartenm\u00f6bel - Kapa Puit\",\"isPartOf\":{\"@id\":\"https:\\\/\\\/kapapuit.ee\\\/de\\\/#website\"},\"primaryImageOfPage\":{\"@id\":\"https:\\\/\\\/kapapuit.ee\\\/de\\\/produkte\\\/gartenmoebel\\\/#primaryimage\"},\"image\":{\"@id\":\"https:\\\/\\\/kapapuit.ee\\\/de\\\/produkte\\\/gartenmoebel\\\/#primaryimage\"},\"thumbnailUrl\":\"https:\\\/\\\/kapapuit.ee\\\/wp-content\\\/uploads\\\/2015\\\/08\\\/pink1.jpg\",\"datePublished\":\"2015-08-06T21:21:43+00:00\",\"breadcrumb\":{\"@id\":\"https:\\\/\\\/kapapuit.ee\\\/de\\\/produkte\\\/gartenmoebel\\\/#breadcrumb\"},\"inLanguage\":\"de\",\"potentialAction\":[{\"@type\":\"ReadAction\",\"target\":[\"https:\\\/\\\/kapapuit.ee\\\/de\\\/produkte\\\/gartenmoebel\\\/\"]}]},{\"@type\":\"ImageObject\",\"inLanguage\":\"de\",\"@id\":\"https:\\\/\\\/kapapuit.ee\\\/de\\\/produkte\\\/gartenmoebel\\\/#primaryimage\",\"url\":\"https:\\\/\\\/kapapuit.ee\\\/wp-content\\\/uploads\\\/2015\\\/08\\\/pink1.jpg\",\"contentUrl\":\"https:\\\/\\\/kapapuit.ee\\\/wp-content\\\/uploads\\\/2015\\\/08\\\/pink1.jpg\"},{\"@type\":\"BreadcrumbList\",\"@id\":\"https:\\\/\\\/kapapuit.ee\\\/de\\\/produkte\\\/gartenmoebel\\\/#breadcrumb\",\"itemListElement\":[{\"@type\":\"ListItem\",\"position\":1,\"name\":\"Home\",\"item\":\"https:\\\/\\\/kapapuit.ee\\\/de\\\/\"},{\"@type\":\"ListItem\",\"position\":2,\"name\":\"Produkte\",\"item\":\"https:\\\/\\\/kapapuit.ee\\\/de\\\/produkte\\\/\"},{\"@type\":\"ListItem\",\"position\":3,\"name\":\"Gartenm\u00f6bel\"}]},{\"@type\":\"WebSite\",\"@id\":\"https:\\\/\\\/kapapuit.ee\\\/de\\\/#website\",\"url\":\"https:\\\/\\\/kapapuit.ee\\\/de\\\/\",\"name\":\"Kapa Puit\",\"description\":\"Puidust laste m\u00e4ngumajade tootmine\",\"potentialAction\":[{\"@type\":\"SearchAction\",\"target\":{\"@type\":\"EntryPoint\",\"urlTemplate\":\"https:\\\/\\\/kapapuit.ee\\\/de\\\/?s={search_term_string}\"},\"query-input\":{\"@type\":\"PropertyValueSpecification\",\"valueRequired\":true,\"valueName\":\"search_term_string\"}}],\"inLanguage\":\"de\"}]}<\/script>\n<!-- \/ Yoast SEO plugin. -->","yoast_head_json":{"title":"Gartenm\u00f6bel - Kapa Puit","robots":{"index":"index","follow":"follow","max-snippet":"max-snippet:-1","max-image-preview":"max-image-preview:large","max-video-preview":"max-video-preview:-1"},"canonical":"https:\/\/kapapuit.ee\/de\/produkte\/gartenmoebel\/","og_locale":"de_DE","og_type":"article","og_title":"Gartenm\u00f6bel - Kapa Puit","og_description":"Bank Abmessungen: 0,9 x 0,32 m (1,2 x 0,32) H\u00f6he:0,4 m Oberfl\u00e4che: naturell-glatt, unlackiert, unimpr\u00e4gniert Bank Abmessungen: 0,9 x 0,32 m (1,2 x 0,32) H\u00f6he:0,4 m Oberfl\u00e4che: naturell-glatt, unlackiert, unimpr\u00e4gniert Gartenstuhl Gartenstuhl mit 7 Einstellungen Oberfl\u00e4che: naturell-glatt, unlackiert, unimpr\u00e4gniert Garten Set PIKNIK Abmessungen: 0,7 x 1,45 m Materialst\u00e4rke: 28 mm Oberfl\u00e4che: naturell-glatt, unlackiert, unimpr\u00e4gniert Kinderstuhl [&hellip;]","og_url":"https:\/\/kapapuit.ee\/de\/produkte\/gartenmoebel\/","og_site_name":"Kapa Puit","og_image":[{"url":"https:\/\/kapapuit.ee\/wp-content\/uploads\/2015\/08\/pink1.jpg","type":"","width":"","height":""}],"schema":{"@context":"https:\/\/schema.org","@graph":[{"@type":"WebPage","@id":"https:\/\/kapapuit.ee\/de\/produkte\/gartenmoebel\/","url":"https:\/\/kapapuit.ee\/de\/produkte\/gartenmoebel\/","name":"Gartenm\u00f6bel - Kapa Puit","isPartOf":{"@id":"https:\/\/kapapuit.ee\/de\/#website"},"primaryImageOfPage":{"@id":"https:\/\/kapapuit.ee\/de\/produkte\/gartenmoebel\/#primaryimage"},"image":{"@id":"https:\/\/kapapuit.ee\/de\/produkte\/gartenmoebel\/#primaryimage"},"thumbnailUrl":"https:\/\/kapapuit.ee\/wp-content\/uploads\/2015\/08\/pink1.jpg","datePublished":"2015-08-06T21:21:43+00:00","breadcrumb":{"@id":"https:\/\/kapapuit.ee\/de\/produkte\/gartenmoebel\/#breadcrumb"},"inLanguage":"de","potentialAction":[{"@type":"ReadAction","target":["https:\/\/kapapuit.ee\/de\/produkte\/gartenmoebel\/"]}]},{"@type":"ImageObject","inLanguage":"de","@id":"https:\/\/kapapuit.ee\/de\/produkte\/gartenmoebel\/#primaryimage","url":"https:\/\/kapapuit.ee\/wp-content\/uploads\/2015\/08\/pink1.jpg","contentUrl":"https:\/\/kapapuit.ee\/wp-content\/uploads\/2015\/08\/pink1.jpg"},{"@type":"BreadcrumbList","@id":"https:\/\/kapapuit.ee\/de\/produkte\/gartenmoebel\/#breadcrumb","itemListElement":[{"@type":"ListItem","position":1,"name":"Home","item":"https:\/\/kapapuit.ee\/de\/"},{"@type":"ListItem","position":2,"name":"Produkte","item":"https:\/\/kapapuit.ee\/de\/produkte\/"},{"@type":"ListItem","position":3,"name":"Gartenm\u00f6bel"}]},{"@type":"WebSite","@id":"https:\/\/kapapuit.ee\/de\/#website","url":"https:\/\/kapapuit.ee\/de\/","name":"Kapa Puit","description":"Puidust laste m\u00e4ngumajade tootmine","potentialAction":[{"@type":"SearchAction","target":{"@type":"EntryPoint","urlTemplate":"https:\/\/kapapuit.ee\/de\/?s={search_term_string}"},"query-input":{"@type":"PropertyValueSpecification","valueRequired":true,"valueName":"search_term_string"}}],"inLanguage":"de"}]}},"_links":{"self":[{"href":"https:\/\/kapapuit.ee\/de\/wp-json\/wp\/v2\/pages\/247","targetHints":{"allow":["GET"]}}],"collection":[{"href":"https:\/\/kapapuit.ee\/de\/wp-json\/wp\/v2\/pages"}],"about":[{"href":"https:\/\/kapapuit.ee\/de\/wp-json\/wp\/v2\/types\/page"}],"author":[{"embeddable":true,"href":"https:\/\/kapapuit.ee\/de\/wp-json\/wp\/v2\/users\/1"}],"replies":[{"embeddable":true,"href":"https:\/\/kapapuit.ee\/de\/wp-json\/wp\/v2\/comments?post=247"}],"version-history":[{"count":1,"href":"https:\/\/kapapuit.ee\/de\/wp-json\/wp\/v2\/pages\/247\/revisions"}],"predecessor-version":[{"id":248,"href":"https:\/\/kapapuit.ee\/de\/wp-json\/wp\/v2\/pages\/247\/revisions\/248"}],"up":[{"embeddable":true,"href":"https:\/\/kapapuit.ee\/de\/wp-json\/wp\/v2\/pages\/241"}],"wp:attachment":[{"href":"https:\/\/kapapuit.ee\/de\/wp-json\/wp\/v2\/media?parent=247"}],"curies":[{"name":"wp","href":"https:\/\/api.w.org\/{rel}","templated":true}]}}