{"id":245,"date":"2015-08-06T23:17:22","date_gmt":"2015-08-06T21:17:22","guid":{"rendered":"https:\/\/kapapuit.ee\/de\/?page_id=245"},"modified":"2018-02-27T16:21:03","modified_gmt":"2018-02-27T14:21:03","slug":"spielhaeuser","status":"publish","type":"page","link":"https:\/\/kapapuit.ee\/de\/produkte\/spielhaeuser\/","title":{"rendered":"Spielh\u00e4user"},"content":{"rendered":"<div class=\"row twocol\">\n<div class=\"col-md-6\">\n<p><img loading=\"lazy\" decoding=\"async\" class=\"size-full wp-image-112\" src=\"https:\/\/kapapuit.ee\/wp-content\/uploads\/2015\/08\/sipsik.jpg\" alt=\"Sipsik laste m\u00e4ngumaja\" width=\"283\" height=\"212\" \/><\/p>\n<h3>SIPSIK<\/h3>\n<p>Abmessungen: 1 x 1 m<br \/>\nH\u00f6he: 1 m<br \/>\nWandst\u00e4rke: 14 mm<\/p>\n<p>Nur im Inneren benuzen!<\/p>\n<p>Oberfl\u00e4che: naturell-glatt, unlackiert, unimpr\u00e4gniert<\/p>\n<\/div>\n<div class=\"col-md-6\">\n<p><img loading=\"lazy\" decoding=\"async\" class=\"size-full wp-image-113\" src=\"https:\/\/kapapuit.ee\/wp-content\/uploads\/2015\/08\/peeter.jpg\" alt=\"Peeter laste m\u00e4ngumaja\" width=\"283\" height=\"316\" srcset=\"https:\/\/kapapuit.ee\/wp-content\/uploads\/2015\/08\/peeter.jpg 283w, https:\/\/kapapuit.ee\/wp-content\/uploads\/2015\/08\/peeter-269x300.jpg 269w\" sizes=\"auto, (max-width: 283px) 100vw, 283px\" \/><\/p>\n<h3>PEETER<\/h3>\n<p>Abmessungen: 1,8 x 1,8 m<br \/>\nH\u00f6he vom Grund: 1,55 m<br \/>\nH\u00f6he vom Fussboden: 1m<br \/>\nWandst\u00e4rke: 15 mm<\/p>\n<p>Oberfl\u00e4che: naturell-glatt, unlackiert, unimpr\u00e4gniert<\/p>\n<p><a href=\"https:\/\/kapapuit.ee\/wp-content\/uploads\/2015\/08\/P9020276.jpg\" data-rel=\"lightbox-image-0\" data-rl_title=\"\" data-rl_caption=\"\" title=\"\"><img loading=\"lazy\" decoding=\"async\" class=\"alignnone size-medium wp-image-283\" src=\"https:\/\/kapapuit.ee\/wp-content\/uploads\/2015\/08\/P9020276-300x225.jpg\" alt=\"Bella\" width=\"300\" height=\"225\" srcset=\"https:\/\/kapapuit.ee\/wp-content\/uploads\/2015\/08\/P9020276-300x225.jpg 300w, https:\/\/kapapuit.ee\/wp-content\/uploads\/2015\/08\/P9020276-1024x768.jpg 1024w\" sizes=\"auto, (max-width: 300px) 100vw, 300px\" \/><\/a><\/p>\n<h3>SPIELPLATZ\u00a0BELLA<\/h3>\n<p>Abmessungen: 1,77 x 2,02<br \/>\nWandst\u00e4rke:16 mm<\/p>\n<p>Oberfl\u00e4che: naturell-glatt, unlackiert, unimpr\u00e4gniert<\/p>\n<\/div>\n<div class=\"col-md-6\">\n<p><img loading=\"lazy\" decoding=\"async\" class=\"size-full wp-image-114\" src=\"https:\/\/kapapuit.ee\/wp-content\/uploads\/2015\/08\/nete.jpg\" alt=\"Nete laste m\u00e4ngumaja\" width=\"283\" height=\"246\" \/><\/p>\n<h3>NETE<\/h3>\n<p>Abmessungen: 1,6 x 1,7<br \/>\nTerrasse: 0,7 m Terrasse<br \/>\nH\u00f6he:1,95 m<br \/>\nWandst\u00e4rke:20 mm<\/p>\n<p>Oberfl\u00e4che: naturell-glatt, unlackiert, unimpr\u00e4gniert<\/p>\n<\/div>\n<div class=\"col-md-6\">\n<p><img loading=\"lazy\" decoding=\"async\" class=\"size-full wp-image-115\" src=\"https:\/\/kapapuit.ee\/wp-content\/uploads\/2015\/08\/ly.jpg\" alt=\"Ly laste m\u00e4ngumaja\" width=\"283\" height=\"227\" \/><\/p>\n<h3>LY<\/h3>\n<p>Abmessungen: 1,94 x 1,94<br \/>\nTerrasse: 0,7 m terrasse<br \/>\nH\u00f6he:1,95 m<br \/>\nWandst\u00e4rke:20 mm<\/p>\n<p>Oberfl\u00e4che: naturell-glatt, unlackiert, unimpr\u00e4gniert<\/p>\n<\/div>\n<div class=\"col-md-6\">\n<p><img loading=\"lazy\" decoding=\"async\" class=\"wp-image-118 size-medium\" src=\"https:\/\/kapapuit.ee\/wp-content\/uploads\/2015\/08\/liisi-300x225.jpg\" alt=\"Liisi laste m\u00e4ngumaja\" width=\"300\" height=\"225\" srcset=\"https:\/\/kapapuit.ee\/wp-content\/uploads\/2015\/08\/liisi-300x225.jpg 300w, https:\/\/kapapuit.ee\/wp-content\/uploads\/2015\/08\/liisi-1024x768.jpg 1024w\" sizes=\"auto, (max-width: 300px) 100vw, 300px\" \/><\/p>\n<h3>LIISI<\/h3>\n<p>Abmessungen: 1,7 x 2,5<br \/>\nTerrasse: 0,5 m terrasse<br \/>\nH\u00f6he:1,7 m<br \/>\nWandst\u00e4rke:21 mm<\/p>\n<p>Oberfl\u00e4che: naturell-glatt, unlackiert, unimpr\u00e4gniert<\/p>\n<\/div>\n<div class=\"col-md-6\">\n<p><img loading=\"lazy\" decoding=\"async\" class=\"size-full wp-image-116\" src=\"https:\/\/kapapuit.ee\/wp-content\/uploads\/2015\/08\/villa.jpg\" alt=\"Villa laste m\u00e4ngumaja\" width=\"283\" height=\"188\" \/><\/p>\n<h3>VILLA<\/h3>\n<p>Abmessungen: 2,2 x 2,2<br \/>\nH\u00f6he:2,2 m<br \/>\nWandst\u00e4rke:15 mm<\/p>\n<p>Oberfl\u00e4che: naturell-glatt, unlackiert, unimpr\u00e4gniert<\/p>\n<\/div>\n<div class=\"col-md-6\">\n<p><img loading=\"lazy\" decoding=\"async\" class=\"size-full wp-image-119\" src=\"https:\/\/kapapuit.ee\/wp-content\/uploads\/2015\/08\/mari.jpg\" alt=\"Mari laste m\u00e4ngumaja\" width=\"283\" height=\"252\" \/><\/p>\n<h3>MARI<\/h3>\n<p>Abmessungen: 1,35 x 1,48<br \/>\nTerrasse: 0,5 m terrasse<br \/>\nH\u00f6he:1,5 m<br \/>\nWandst\u00e4rke:20 mm<\/p>\n<p>Oberfl\u00e4che: naturell-glatt, unlackiert, unimpr\u00e4gniert<\/p>\n<\/div>\n<div class=\"col-md-6\">\n<p><img loading=\"lazy\" decoding=\"async\" class=\"size-full wp-image-105\" src=\"https:\/\/kapapuit.ee\/wp-content\/uploads\/2015\/08\/evely.jpg\" alt=\"Enely laste m\u00e4ngumaja\" width=\"283\" height=\"307\" srcset=\"https:\/\/kapapuit.ee\/wp-content\/uploads\/2015\/08\/evely.jpg 283w, https:\/\/kapapuit.ee\/wp-content\/uploads\/2015\/08\/evely-277x300.jpg 277w\" sizes=\"auto, (max-width: 283px) 100vw, 283px\" \/><\/p>\n<h3>ENELY<\/h3>\n<p>Abmessungen: 1,6 x 1,7 m<br \/>\nH\u00f6he: 1,9 m<br \/>\nWandst\u00e4rke: 20 mm<\/p>\n<p>Oberfl\u00e4che: naturell-glatt, unlackiert, unimpr\u00e4gniert<br \/>\nZus\u00e4tzlich: Regal im Innenraum<\/p>\n<\/div>\n<div class=\"col-md-6\">\n<p><img loading=\"lazy\" decoding=\"async\" class=\"size-full wp-image-109\" src=\"https:\/\/kapapuit.ee\/wp-content\/uploads\/2015\/08\/gena.jpg\" alt=\"Gena laste m\u00e4ngumaja\" width=\"283\" height=\"227\" \/><\/p>\n<h3>GENA<\/h3>\n<p>Abmessungen: 1, 35 x 1,1 m<br \/>\nH\u00f6he: 1,5 m<br \/>\nWandst\u00e4rke: 20 mm<\/p>\n<p>Oberfl\u00e4che: naturell-glatt, unlackiert, unimpr\u00e4gniert<\/p>\n<\/div>\n<p>&nbsp;<\/p>\n<p>&nbsp;<\/p>\n<\/div>\n","protected":false},"excerpt":{"rendered":"<p>SIPSIK Abmessungen: 1 x 1 m H\u00f6he: 1 m Wandst\u00e4rke: 14 mm Nur im Inneren benuzen! Oberfl\u00e4che: naturell-glatt, unlackiert, unimpr\u00e4gniert PEETER Abmessungen: 1,8 x 1,8 m H\u00f6he vom Grund: 1,55 m H\u00f6he vom Fussboden: 1m Wandst\u00e4rke: 15 mm Oberfl\u00e4che: naturell-glatt, unlackiert, unimpr\u00e4gniert SPIELPLATZ\u00a0BELLA Abmessungen: 1,77 x 2,02 Wandst\u00e4rke:16 mm Oberfl\u00e4che: naturell-glatt, unlackiert, unimpr\u00e4gniert NETE Abmessungen: [&hellip;]<\/p>\n","protected":false},"author":1,"featured_media":0,"parent":241,"menu_order":0,"comment_status":"closed","ping_status":"open","template":"page-tooted.php","meta":{"_acf_changed":false,"footnotes":""},"class_list":["post-245","page","type-page","status-publish","hentry"],"acf":[],"yoast_head":"<!-- This site is optimized with the Yoast SEO plugin v27.5 - https:\/\/yoast.com\/product\/yoast-seo-wordpress\/ -->\n<title>Spielh\u00e4user - Kapa Puit<\/title>\n<meta name=\"robots\" content=\"index, follow, max-snippet:-1, max-image-preview:large, max-video-preview:-1\" \/>\n<link rel=\"canonical\" href=\"https:\/\/kapapuit.ee\/de\/produkte\/spielhaeuser\/\" \/>\n<meta property=\"og:locale\" content=\"de_DE\" \/>\n<meta property=\"og:type\" content=\"article\" \/>\n<meta property=\"og:title\" content=\"Spielh\u00e4user - Kapa Puit\" \/>\n<meta property=\"og:description\" content=\"SIPSIK Abmessungen: 1 x 1 m H\u00f6he: 1 m Wandst\u00e4rke: 14 mm Nur im Inneren benuzen! Oberfl\u00e4che: naturell-glatt, unlackiert, unimpr\u00e4gniert PEETER Abmessungen: 1,8 x 1,8 m H\u00f6he vom Grund: 1,55 m H\u00f6he vom Fussboden: 1m Wandst\u00e4rke: 15 mm Oberfl\u00e4che: naturell-glatt, unlackiert, unimpr\u00e4gniert SPIELPLATZ\u00a0BELLA Abmessungen: 1,77 x 2,02 Wandst\u00e4rke:16 mm Oberfl\u00e4che: naturell-glatt, unlackiert, unimpr\u00e4gniert NETE Abmessungen: [&hellip;]\" \/>\n<meta property=\"og:url\" content=\"https:\/\/kapapuit.ee\/de\/produkte\/spielhaeuser\/\" \/>\n<meta property=\"og:site_name\" content=\"Kapa Puit\" \/>\n<meta property=\"article:modified_time\" content=\"2018-02-27T14:21:03+00:00\" \/>\n<meta property=\"og:image\" content=\"https:\/\/kapapuit.ee\/wp-content\/uploads\/2015\/08\/sipsik.jpg\" \/>\n<meta name=\"twitter:label1\" content=\"Gesch\u00e4tzte Lesezeit\" \/>\n\t<meta name=\"twitter:data1\" content=\"1\u00a0Minute\" \/>\n<script type=\"application\/ld+json\" class=\"yoast-schema-graph\">{\"@context\":\"https:\\\/\\\/schema.org\",\"@graph\":[{\"@type\":\"WebPage\",\"@id\":\"https:\\\/\\\/kapapuit.ee\\\/de\\\/produkte\\\/spielhaeuser\\\/\",\"url\":\"https:\\\/\\\/kapapuit.ee\\\/de\\\/produkte\\\/spielhaeuser\\\/\",\"name\":\"Spielh\u00e4user - Kapa Puit\",\"isPartOf\":{\"@id\":\"https:\\\/\\\/kapapuit.ee\\\/de\\\/#website\"},\"primaryImageOfPage\":{\"@id\":\"https:\\\/\\\/kapapuit.ee\\\/de\\\/produkte\\\/spielhaeuser\\\/#primaryimage\"},\"image\":{\"@id\":\"https:\\\/\\\/kapapuit.ee\\\/de\\\/produkte\\\/spielhaeuser\\\/#primaryimage\"},\"thumbnailUrl\":\"https:\\\/\\\/kapapuit.ee\\\/wp-content\\\/uploads\\\/2015\\\/08\\\/sipsik.jpg\",\"datePublished\":\"2015-08-06T21:17:22+00:00\",\"dateModified\":\"2018-02-27T14:21:03+00:00\",\"breadcrumb\":{\"@id\":\"https:\\\/\\\/kapapuit.ee\\\/de\\\/produkte\\\/spielhaeuser\\\/#breadcrumb\"},\"inLanguage\":\"de\",\"potentialAction\":[{\"@type\":\"ReadAction\",\"target\":[\"https:\\\/\\\/kapapuit.ee\\\/de\\\/produkte\\\/spielhaeuser\\\/\"]}]},{\"@type\":\"ImageObject\",\"inLanguage\":\"de\",\"@id\":\"https:\\\/\\\/kapapuit.ee\\\/de\\\/produkte\\\/spielhaeuser\\\/#primaryimage\",\"url\":\"https:\\\/\\\/kapapuit.ee\\\/wp-content\\\/uploads\\\/2015\\\/08\\\/sipsik.jpg\",\"contentUrl\":\"https:\\\/\\\/kapapuit.ee\\\/wp-content\\\/uploads\\\/2015\\\/08\\\/sipsik.jpg\"},{\"@type\":\"BreadcrumbList\",\"@id\":\"https:\\\/\\\/kapapuit.ee\\\/de\\\/produkte\\\/spielhaeuser\\\/#breadcrumb\",\"itemListElement\":[{\"@type\":\"ListItem\",\"position\":1,\"name\":\"Home\",\"item\":\"https:\\\/\\\/kapapuit.ee\\\/de\\\/\"},{\"@type\":\"ListItem\",\"position\":2,\"name\":\"Produkte\",\"item\":\"https:\\\/\\\/kapapuit.ee\\\/de\\\/produkte\\\/\"},{\"@type\":\"ListItem\",\"position\":3,\"name\":\"Spielh\u00e4user\"}]},{\"@type\":\"WebSite\",\"@id\":\"https:\\\/\\\/kapapuit.ee\\\/de\\\/#website\",\"url\":\"https:\\\/\\\/kapapuit.ee\\\/de\\\/\",\"name\":\"Kapa Puit\",\"description\":\"Puidust laste m\u00e4ngumajade tootmine\",\"potentialAction\":[{\"@type\":\"SearchAction\",\"target\":{\"@type\":\"EntryPoint\",\"urlTemplate\":\"https:\\\/\\\/kapapuit.ee\\\/de\\\/?s={search_term_string}\"},\"query-input\":{\"@type\":\"PropertyValueSpecification\",\"valueRequired\":true,\"valueName\":\"search_term_string\"}}],\"inLanguage\":\"de\"}]}<\/script>\n<!-- \/ Yoast SEO plugin. -->","yoast_head_json":{"title":"Spielh\u00e4user - Kapa Puit","robots":{"index":"index","follow":"follow","max-snippet":"max-snippet:-1","max-image-preview":"max-image-preview:large","max-video-preview":"max-video-preview:-1"},"canonical":"https:\/\/kapapuit.ee\/de\/produkte\/spielhaeuser\/","og_locale":"de_DE","og_type":"article","og_title":"Spielh\u00e4user - Kapa Puit","og_description":"SIPSIK Abmessungen: 1 x 1 m H\u00f6he: 1 m Wandst\u00e4rke: 14 mm Nur im Inneren benuzen! Oberfl\u00e4che: naturell-glatt, unlackiert, unimpr\u00e4gniert PEETER Abmessungen: 1,8 x 1,8 m H\u00f6he vom Grund: 1,55 m H\u00f6he vom Fussboden: 1m Wandst\u00e4rke: 15 mm Oberfl\u00e4che: naturell-glatt, unlackiert, unimpr\u00e4gniert SPIELPLATZ\u00a0BELLA Abmessungen: 1,77 x 2,02 Wandst\u00e4rke:16 mm Oberfl\u00e4che: naturell-glatt, unlackiert, unimpr\u00e4gniert NETE Abmessungen: [&hellip;]","og_url":"https:\/\/kapapuit.ee\/de\/produkte\/spielhaeuser\/","og_site_name":"Kapa Puit","article_modified_time":"2018-02-27T14:21:03+00:00","og_image":[{"url":"https:\/\/kapapuit.ee\/wp-content\/uploads\/2015\/08\/sipsik.jpg","type":"","width":"","height":""}],"twitter_misc":{"Gesch\u00e4tzte Lesezeit":"1\u00a0Minute"},"schema":{"@context":"https:\/\/schema.org","@graph":[{"@type":"WebPage","@id":"https:\/\/kapapuit.ee\/de\/produkte\/spielhaeuser\/","url":"https:\/\/kapapuit.ee\/de\/produkte\/spielhaeuser\/","name":"Spielh\u00e4user - Kapa Puit","isPartOf":{"@id":"https:\/\/kapapuit.ee\/de\/#website"},"primaryImageOfPage":{"@id":"https:\/\/kapapuit.ee\/de\/produkte\/spielhaeuser\/#primaryimage"},"image":{"@id":"https:\/\/kapapuit.ee\/de\/produkte\/spielhaeuser\/#primaryimage"},"thumbnailUrl":"https:\/\/kapapuit.ee\/wp-content\/uploads\/2015\/08\/sipsik.jpg","datePublished":"2015-08-06T21:17:22+00:00","dateModified":"2018-02-27T14:21:03+00:00","breadcrumb":{"@id":"https:\/\/kapapuit.ee\/de\/produkte\/spielhaeuser\/#breadcrumb"},"inLanguage":"de","potentialAction":[{"@type":"ReadAction","target":["https:\/\/kapapuit.ee\/de\/produkte\/spielhaeuser\/"]}]},{"@type":"ImageObject","inLanguage":"de","@id":"https:\/\/kapapuit.ee\/de\/produkte\/spielhaeuser\/#primaryimage","url":"https:\/\/kapapuit.ee\/wp-content\/uploads\/2015\/08\/sipsik.jpg","contentUrl":"https:\/\/kapapuit.ee\/wp-content\/uploads\/2015\/08\/sipsik.jpg"},{"@type":"BreadcrumbList","@id":"https:\/\/kapapuit.ee\/de\/produkte\/spielhaeuser\/#breadcrumb","itemListElement":[{"@type":"ListItem","position":1,"name":"Home","item":"https:\/\/kapapuit.ee\/de\/"},{"@type":"ListItem","position":2,"name":"Produkte","item":"https:\/\/kapapuit.ee\/de\/produkte\/"},{"@type":"ListItem","position":3,"name":"Spielh\u00e4user"}]},{"@type":"WebSite","@id":"https:\/\/kapapuit.ee\/de\/#website","url":"https:\/\/kapapuit.ee\/de\/","name":"Kapa Puit","description":"Puidust laste m\u00e4ngumajade tootmine","potentialAction":[{"@type":"SearchAction","target":{"@type":"EntryPoint","urlTemplate":"https:\/\/kapapuit.ee\/de\/?s={search_term_string}"},"query-input":{"@type":"PropertyValueSpecification","valueRequired":true,"valueName":"search_term_string"}}],"inLanguage":"de"}]}},"_links":{"self":[{"href":"https:\/\/kapapuit.ee\/de\/wp-json\/wp\/v2\/pages\/245","targetHints":{"allow":["GET"]}}],"collection":[{"href":"https:\/\/kapapuit.ee\/de\/wp-json\/wp\/v2\/pages"}],"about":[{"href":"https:\/\/kapapuit.ee\/de\/wp-json\/wp\/v2\/types\/page"}],"author":[{"embeddable":true,"href":"https:\/\/kapapuit.ee\/de\/wp-json\/wp\/v2\/users\/1"}],"replies":[{"embeddable":true,"href":"https:\/\/kapapuit.ee\/de\/wp-json\/wp\/v2\/comments?post=245"}],"version-history":[{"count":6,"href":"https:\/\/kapapuit.ee\/de\/wp-json\/wp\/v2\/pages\/245\/revisions"}],"predecessor-version":[{"id":691,"href":"https:\/\/kapapuit.ee\/de\/wp-json\/wp\/v2\/pages\/245\/revisions\/691"}],"up":[{"embeddable":true,"href":"https:\/\/kapapuit.ee\/de\/wp-json\/wp\/v2\/pages\/241"}],"wp:attachment":[{"href":"https:\/\/kapapuit.ee\/de\/wp-json\/wp\/v2\/media?parent=245"}],"curies":[{"name":"wp","href":"https:\/\/api.w.org\/{rel}","templated":true}]}}