{"id":243,"date":"2015-08-06T23:11:30","date_gmt":"2015-08-06T21:11:30","guid":{"rendered":"https:\/\/kapapuit.ee\/de\/?page_id=243"},"modified":"2015-08-06T23:11:30","modified_gmt":"2015-08-06T21:11:30","slug":"gartenhaeuser-und-schuppen","status":"publish","type":"page","link":"https:\/\/kapapuit.ee\/de\/produkte\/gartenhaeuser-und-schuppen\/","title":{"rendered":"Gartenh\u00e4user und Schuppen"},"content":{"rendered":"<div class=\"row twocol\">\n<div class=\"col-md-6\">\n<img loading=\"lazy\" decoding=\"async\" class=\"size-full wp-image-127\" src=\"https:\/\/kapapuit.ee\/wp-content\/uploads\/2015\/08\/jalgrattakuur.jpg\" alt=\"Zweiradgarage\" width=\"283\" height=\"377\" srcset=\"https:\/\/kapapuit.ee\/wp-content\/uploads\/2015\/08\/jalgrattakuur.jpg 283w, https:\/\/kapapuit.ee\/wp-content\/uploads\/2015\/08\/jalgrattakuur-225x300.jpg 225w\" sizes=\"auto, (max-width: 283px) 100vw, 283px\" \/><\/p>\n<h3>Zweiradgarage<\/h3>\n<p>Abmessungen: 1,64 x 2,38 m<br \/>\nH\u00f6he: 1,9 m<br \/>\nWandst\u00e4rke: 21 mm<\/p>\n<p>Oberfl\u00e4che: naturell-glatt, unlackiert, unimpr\u00e4gniert<br \/>\nDach mit Stossd\u00e4mpfer und Wasserabflussystem\n<\/p><\/div>\n<div class=\"col-md-6\">\n<img loading=\"lazy\" decoding=\"async\" src=\"https:\/\/kapapuit.ee\/wp-content\/uploads\/2015\/08\/rasmus.jpg\" alt=\"Gartenschuppen RASMUS\" width=\"283\" height=\"212\" class=\"size-full wp-image-213\" \/><\/p>\n<h3>Gartenschuppen RASMUS<\/h3>\n<p>Abmessungen: 2,39 x 2,17 m<br \/>\nH\u00f6he: 2,28 m<br \/>\nWandst\u00e4rke:21 m<\/p>\n<p>Oberfl\u00e4che: naturell-glatt, unlackiert, unimpr\u00e4gniert\n<\/p><\/div>\n<div class=\"col-md-6\">\n<img loading=\"lazy\" decoding=\"async\" class=\"size-full wp-image-128\" src=\"https:\/\/kapapuit.ee\/wp-content\/uploads\/2015\/08\/frank.jpg\" alt=\"Gartenschuppen FRANK\" width=\"283\" height=\"242\" \/><\/p>\n<h3>Gartenschuppen FRANK<\/h3>\n<p>Abmessungen:2,5 x 2,28 m<br \/>\nH\u00f6he: 2,2 m<br \/>\nWandst\u00e4rke: 21 mm<\/p>\n<p>Oberfl\u00e4che: naturell-glatt, unlackiert, unimpr\u00e4gniert\n<\/p><\/div>\n<\/div>\n","protected":false},"excerpt":{"rendered":"<p>Zweiradgarage Abmessungen: 1,64 x 2,38 m H\u00f6he: 1,9 m Wandst\u00e4rke: 21 mm Oberfl\u00e4che: naturell-glatt, unlackiert, unimpr\u00e4gniert Dach mit Stossd\u00e4mpfer und Wasserabflussystem Gartenschuppen RASMUS Abmessungen: 2,39 x 2,17 m H\u00f6he: 2,28 m Wandst\u00e4rke:21 m Oberfl\u00e4che: naturell-glatt, unlackiert, unimpr\u00e4gniert Gartenschuppen FRANK Abmessungen:2,5 x 2,28 m H\u00f6he: 2,2 m Wandst\u00e4rke: 21 mm Oberfl\u00e4che: naturell-glatt, unlackiert, unimpr\u00e4gniert<\/p>\n","protected":false},"author":1,"featured_media":0,"parent":241,"menu_order":0,"comment_status":"closed","ping_status":"open","template":"page-tooted.php","meta":{"_acf_changed":false,"footnotes":""},"class_list":["post-243","page","type-page","status-publish","hentry"],"acf":[],"yoast_head":"<!-- This site is optimized with the Yoast SEO plugin v27.5 - https:\/\/yoast.com\/product\/yoast-seo-wordpress\/ -->\n<title>Gartenh\u00e4user und Schuppen - Kapa Puit<\/title>\n<meta name=\"robots\" content=\"index, follow, max-snippet:-1, max-image-preview:large, max-video-preview:-1\" \/>\n<link rel=\"canonical\" href=\"https:\/\/kapapuit.ee\/de\/produkte\/gartenhaeuser-und-schuppen\/\" \/>\n<meta property=\"og:locale\" content=\"de_DE\" \/>\n<meta property=\"og:type\" content=\"article\" \/>\n<meta property=\"og:title\" content=\"Gartenh\u00e4user und Schuppen - Kapa Puit\" \/>\n<meta property=\"og:description\" content=\"Zweiradgarage Abmessungen: 1,64 x 2,38 m H\u00f6he: 1,9 m Wandst\u00e4rke: 21 mm Oberfl\u00e4che: naturell-glatt, unlackiert, unimpr\u00e4gniert Dach mit Stossd\u00e4mpfer und Wasserabflussystem Gartenschuppen RASMUS Abmessungen: 2,39 x 2,17 m H\u00f6he: 2,28 m Wandst\u00e4rke:21 m Oberfl\u00e4che: naturell-glatt, unlackiert, unimpr\u00e4gniert Gartenschuppen FRANK Abmessungen:2,5 x 2,28 m H\u00f6he: 2,2 m Wandst\u00e4rke: 21 mm Oberfl\u00e4che: naturell-glatt, unlackiert, unimpr\u00e4gniert\" \/>\n<meta property=\"og:url\" content=\"https:\/\/kapapuit.ee\/de\/produkte\/gartenhaeuser-und-schuppen\/\" \/>\n<meta property=\"og:site_name\" content=\"Kapa Puit\" \/>\n<meta property=\"og:image\" content=\"https:\/\/kapapuit.ee\/wp-content\/uploads\/2015\/08\/jalgrattakuur.jpg\" \/>\n<script type=\"application\/ld+json\" class=\"yoast-schema-graph\">{\"@context\":\"https:\\\/\\\/schema.org\",\"@graph\":[{\"@type\":\"WebPage\",\"@id\":\"https:\\\/\\\/kapapuit.ee\\\/de\\\/produkte\\\/gartenhaeuser-und-schuppen\\\/\",\"url\":\"https:\\\/\\\/kapapuit.ee\\\/de\\\/produkte\\\/gartenhaeuser-und-schuppen\\\/\",\"name\":\"Gartenh\u00e4user und Schuppen - Kapa Puit\",\"isPartOf\":{\"@id\":\"https:\\\/\\\/kapapuit.ee\\\/de\\\/#website\"},\"primaryImageOfPage\":{\"@id\":\"https:\\\/\\\/kapapuit.ee\\\/de\\\/produkte\\\/gartenhaeuser-und-schuppen\\\/#primaryimage\"},\"image\":{\"@id\":\"https:\\\/\\\/kapapuit.ee\\\/de\\\/produkte\\\/gartenhaeuser-und-schuppen\\\/#primaryimage\"},\"thumbnailUrl\":\"https:\\\/\\\/kapapuit.ee\\\/wp-content\\\/uploads\\\/2015\\\/08\\\/jalgrattakuur.jpg\",\"datePublished\":\"2015-08-06T21:11:30+00:00\",\"breadcrumb\":{\"@id\":\"https:\\\/\\\/kapapuit.ee\\\/de\\\/produkte\\\/gartenhaeuser-und-schuppen\\\/#breadcrumb\"},\"inLanguage\":\"de\",\"potentialAction\":[{\"@type\":\"ReadAction\",\"target\":[\"https:\\\/\\\/kapapuit.ee\\\/de\\\/produkte\\\/gartenhaeuser-und-schuppen\\\/\"]}]},{\"@type\":\"ImageObject\",\"inLanguage\":\"de\",\"@id\":\"https:\\\/\\\/kapapuit.ee\\\/de\\\/produkte\\\/gartenhaeuser-und-schuppen\\\/#primaryimage\",\"url\":\"https:\\\/\\\/kapapuit.ee\\\/wp-content\\\/uploads\\\/2015\\\/08\\\/jalgrattakuur.jpg\",\"contentUrl\":\"https:\\\/\\\/kapapuit.ee\\\/wp-content\\\/uploads\\\/2015\\\/08\\\/jalgrattakuur.jpg\"},{\"@type\":\"BreadcrumbList\",\"@id\":\"https:\\\/\\\/kapapuit.ee\\\/de\\\/produkte\\\/gartenhaeuser-und-schuppen\\\/#breadcrumb\",\"itemListElement\":[{\"@type\":\"ListItem\",\"position\":1,\"name\":\"Home\",\"item\":\"https:\\\/\\\/kapapuit.ee\\\/de\\\/\"},{\"@type\":\"ListItem\",\"position\":2,\"name\":\"Produkte\",\"item\":\"https:\\\/\\\/kapapuit.ee\\\/de\\\/produkte\\\/\"},{\"@type\":\"ListItem\",\"position\":3,\"name\":\"Gartenh\u00e4user und Schuppen\"}]},{\"@type\":\"WebSite\",\"@id\":\"https:\\\/\\\/kapapuit.ee\\\/de\\\/#website\",\"url\":\"https:\\\/\\\/kapapuit.ee\\\/de\\\/\",\"name\":\"Kapa Puit\",\"description\":\"Puidust laste m\u00e4ngumajade tootmine\",\"potentialAction\":[{\"@type\":\"SearchAction\",\"target\":{\"@type\":\"EntryPoint\",\"urlTemplate\":\"https:\\\/\\\/kapapuit.ee\\\/de\\\/?s={search_term_string}\"},\"query-input\":{\"@type\":\"PropertyValueSpecification\",\"valueRequired\":true,\"valueName\":\"search_term_string\"}}],\"inLanguage\":\"de\"}]}<\/script>\n<!-- \/ Yoast SEO plugin. -->","yoast_head_json":{"title":"Gartenh\u00e4user und Schuppen - Kapa Puit","robots":{"index":"index","follow":"follow","max-snippet":"max-snippet:-1","max-image-preview":"max-image-preview:large","max-video-preview":"max-video-preview:-1"},"canonical":"https:\/\/kapapuit.ee\/de\/produkte\/gartenhaeuser-und-schuppen\/","og_locale":"de_DE","og_type":"article","og_title":"Gartenh\u00e4user und Schuppen - Kapa Puit","og_description":"Zweiradgarage Abmessungen: 1,64 x 2,38 m H\u00f6he: 1,9 m Wandst\u00e4rke: 21 mm Oberfl\u00e4che: naturell-glatt, unlackiert, unimpr\u00e4gniert Dach mit Stossd\u00e4mpfer und Wasserabflussystem Gartenschuppen RASMUS Abmessungen: 2,39 x 2,17 m H\u00f6he: 2,28 m Wandst\u00e4rke:21 m Oberfl\u00e4che: naturell-glatt, unlackiert, unimpr\u00e4gniert Gartenschuppen FRANK Abmessungen:2,5 x 2,28 m H\u00f6he: 2,2 m Wandst\u00e4rke: 21 mm Oberfl\u00e4che: naturell-glatt, unlackiert, unimpr\u00e4gniert","og_url":"https:\/\/kapapuit.ee\/de\/produkte\/gartenhaeuser-und-schuppen\/","og_site_name":"Kapa Puit","og_image":[{"url":"https:\/\/kapapuit.ee\/wp-content\/uploads\/2015\/08\/jalgrattakuur.jpg","type":"","width":"","height":""}],"schema":{"@context":"https:\/\/schema.org","@graph":[{"@type":"WebPage","@id":"https:\/\/kapapuit.ee\/de\/produkte\/gartenhaeuser-und-schuppen\/","url":"https:\/\/kapapuit.ee\/de\/produkte\/gartenhaeuser-und-schuppen\/","name":"Gartenh\u00e4user und Schuppen - Kapa Puit","isPartOf":{"@id":"https:\/\/kapapuit.ee\/de\/#website"},"primaryImageOfPage":{"@id":"https:\/\/kapapuit.ee\/de\/produkte\/gartenhaeuser-und-schuppen\/#primaryimage"},"image":{"@id":"https:\/\/kapapuit.ee\/de\/produkte\/gartenhaeuser-und-schuppen\/#primaryimage"},"thumbnailUrl":"https:\/\/kapapuit.ee\/wp-content\/uploads\/2015\/08\/jalgrattakuur.jpg","datePublished":"2015-08-06T21:11:30+00:00","breadcrumb":{"@id":"https:\/\/kapapuit.ee\/de\/produkte\/gartenhaeuser-und-schuppen\/#breadcrumb"},"inLanguage":"de","potentialAction":[{"@type":"ReadAction","target":["https:\/\/kapapuit.ee\/de\/produkte\/gartenhaeuser-und-schuppen\/"]}]},{"@type":"ImageObject","inLanguage":"de","@id":"https:\/\/kapapuit.ee\/de\/produkte\/gartenhaeuser-und-schuppen\/#primaryimage","url":"https:\/\/kapapuit.ee\/wp-content\/uploads\/2015\/08\/jalgrattakuur.jpg","contentUrl":"https:\/\/kapapuit.ee\/wp-content\/uploads\/2015\/08\/jalgrattakuur.jpg"},{"@type":"BreadcrumbList","@id":"https:\/\/kapapuit.ee\/de\/produkte\/gartenhaeuser-und-schuppen\/#breadcrumb","itemListElement":[{"@type":"ListItem","position":1,"name":"Home","item":"https:\/\/kapapuit.ee\/de\/"},{"@type":"ListItem","position":2,"name":"Produkte","item":"https:\/\/kapapuit.ee\/de\/produkte\/"},{"@type":"ListItem","position":3,"name":"Gartenh\u00e4user und Schuppen"}]},{"@type":"WebSite","@id":"https:\/\/kapapuit.ee\/de\/#website","url":"https:\/\/kapapuit.ee\/de\/","name":"Kapa Puit","description":"Puidust laste m\u00e4ngumajade tootmine","potentialAction":[{"@type":"SearchAction","target":{"@type":"EntryPoint","urlTemplate":"https:\/\/kapapuit.ee\/de\/?s={search_term_string}"},"query-input":{"@type":"PropertyValueSpecification","valueRequired":true,"valueName":"search_term_string"}}],"inLanguage":"de"}]}},"_links":{"self":[{"href":"https:\/\/kapapuit.ee\/de\/wp-json\/wp\/v2\/pages\/243","targetHints":{"allow":["GET"]}}],"collection":[{"href":"https:\/\/kapapuit.ee\/de\/wp-json\/wp\/v2\/pages"}],"about":[{"href":"https:\/\/kapapuit.ee\/de\/wp-json\/wp\/v2\/types\/page"}],"author":[{"embeddable":true,"href":"https:\/\/kapapuit.ee\/de\/wp-json\/wp\/v2\/users\/1"}],"replies":[{"embeddable":true,"href":"https:\/\/kapapuit.ee\/de\/wp-json\/wp\/v2\/comments?post=243"}],"version-history":[{"count":1,"href":"https:\/\/kapapuit.ee\/de\/wp-json\/wp\/v2\/pages\/243\/revisions"}],"predecessor-version":[{"id":244,"href":"https:\/\/kapapuit.ee\/de\/wp-json\/wp\/v2\/pages\/243\/revisions\/244"}],"up":[{"embeddable":true,"href":"https:\/\/kapapuit.ee\/de\/wp-json\/wp\/v2\/pages\/241"}],"wp:attachment":[{"href":"https:\/\/kapapuit.ee\/de\/wp-json\/wp\/v2\/media?parent=243"}],"curies":[{"name":"wp","href":"https:\/\/api.w.org\/{rel}","templated":true}]}}