{"id":195,"date":"2015-08-06T20:57:53","date_gmt":"2015-08-06T18:57:53","guid":{"rendered":"https:\/\/kapapuit.ee\/?page_id=195&#038;lang=de"},"modified":"2023-08-10T12:20:33","modified_gmt":"2023-08-10T10:20:33","slug":"homepage","status":"publish","type":"page","link":"https:\/\/kapapuit.ee\/de\/","title":{"rendered":"Startsite"},"content":{"rendered":"<div class=\"row\">\n<div class=\"col-md-4\">\n<a href=\"\/de\/produkte\/spielhaeuser\/\"><img loading=\"lazy\" decoding=\"async\" src=\"https:\/\/kapapuit.ee\/wp-content\/uploads\/2015\/02\/avaleht-mangumaja.jpg\" alt=\"Laste m\u00e4ngumajad\" width=\"283\" height=\"216\" class=\"size-full wp-image-183\" \/><\/a><\/p>\n<h2><a href=\"\/de\/produkte\/spielhaeuser\/\">Spielh\u00e4user<\/a><\/h2>\n<\/div>\n<div class=\"col-md-4\">\n<a href=\"\/de\/produkte\/gartenhaeuser-und-schuppen\/\"><img loading=\"lazy\" decoding=\"async\" src=\"https:\/\/kapapuit.ee\/wp-content\/uploads\/2015\/02\/avaleht-aiamaja.jpg\" alt=\"Aiamajad\" width=\"283\" height=\"216\" class=\"size-full wp-image-184\" \/><\/a><\/p>\n<h2><a href=\"\/de\/produkte\/gartenhaeuser-und-schuppen\/\">Gartenh\u00e4user und Schuppen<\/a><\/h2>\n<\/div>\n<div class=\"col-md-4\">\n<a href=\"\/de\/produkte\/gartenmoebel\/\"><img loading=\"lazy\" decoding=\"async\" src=\"https:\/\/kapapuit.ee\/wp-content\/uploads\/2015\/02\/avaleht-aiamoobel.jpg\" alt=\"\" width=\"283\" height=\"216\" class=\"size-full wp-image-185\" \/><\/a><\/p>\n<h2><a href=\"\/de\/produkte\/gartenmoebel\/\">Gartenm\u00f6bel<\/a><\/h2>\n<\/div>\n<div style=\"clear:both\"><\/div>\n<div class=\"col-md-4\">\n<a href=\"\/de\/produkte\/regale\/\"><img loading=\"lazy\" decoding=\"async\" src=\"https:\/\/kapapuit.ee\/wp-content\/uploads\/2015\/02\/avaleht-riiul.jpg\" alt=\"Riiulid\" width=\"283\" height=\"216\" class=\"size-full wp-image-186\" \/><\/a><\/p>\n<h2><a href=\"\/de\/produkte\/regale\/\">Regale<\/a><\/h2>\n<\/div>\n<div class=\"col-md-4\">\n<a href=\"\/de\/produkte\/brikett\/\"><img loading=\"lazy\" decoding=\"async\" src=\"https:\/\/kapapuit.ee\/wp-content\/uploads\/2015\/02\/avaleht-brikett.jpg\" alt=\"Puitbrikett\" width=\"283\" height=\"216\" class=\"size-full wp-image-187\" \/><\/a><\/p>\n<h2><a href=\"\/de\/produkte\/brikett\/\">Brikett<\/a><\/h2>\n<\/div>\n<\/div>\n","protected":false},"excerpt":{"rendered":"<p>Spielh\u00e4user Gartenh\u00e4user und Schuppen Gartenm\u00f6bel Regale Brikett<\/p>\n","protected":false},"author":1,"featured_media":0,"parent":0,"menu_order":0,"comment_status":"open","ping_status":"open","template":"","meta":{"_acf_changed":false,"footnotes":""},"class_list":["post-195","page","type-page","status-publish","hentry"],"acf":[],"yoast_head":"<!-- This site is optimized with the Yoast SEO plugin v27.5 - https:\/\/yoast.com\/product\/yoast-seo-wordpress\/ -->\n<title>Startsite - Kapa Puit<\/title>\n<meta name=\"robots\" content=\"index, follow, max-snippet:-1, max-image-preview:large, max-video-preview:-1\" \/>\n<link rel=\"canonical\" href=\"https:\/\/kapapuit.ee\/de\/\" \/>\n<meta property=\"og:locale\" content=\"de_DE\" \/>\n<meta property=\"og:type\" content=\"article\" \/>\n<meta property=\"og:title\" content=\"Startsite - Kapa Puit\" \/>\n<meta property=\"og:description\" content=\"Spielh\u00e4user Gartenh\u00e4user und Schuppen Gartenm\u00f6bel Regale Brikett\" \/>\n<meta property=\"og:url\" content=\"https:\/\/kapapuit.ee\/de\/\" \/>\n<meta property=\"og:site_name\" content=\"Kapa Puit\" \/>\n<meta property=\"article:modified_time\" content=\"2023-08-10T10:20:33+00:00\" \/>\n<meta property=\"og:image\" content=\"https:\/\/kapapuit.ee\/wp-content\/uploads\/2015\/02\/avaleht-mangumaja.jpg\" \/>\n<meta name=\"twitter:label1\" content=\"Gesch\u00e4tzte Lesezeit\" \/>\n\t<meta name=\"twitter:data1\" content=\"2\u00a0Minuten\" \/>\n<script type=\"application\/ld+json\" class=\"yoast-schema-graph\">{\"@context\":\"https:\\\/\\\/schema.org\",\"@graph\":[{\"@type\":\"WebPage\",\"@id\":\"https:\\\/\\\/kapapuit.ee\\\/de\\\/\",\"url\":\"https:\\\/\\\/kapapuit.ee\\\/de\\\/\",\"name\":\"Startsite - Kapa Puit\",\"isPartOf\":{\"@id\":\"https:\\\/\\\/kapapuit.ee\\\/de\\\/#website\"},\"primaryImageOfPage\":{\"@id\":\"https:\\\/\\\/kapapuit.ee\\\/de\\\/#primaryimage\"},\"image\":{\"@id\":\"https:\\\/\\\/kapapuit.ee\\\/de\\\/#primaryimage\"},\"thumbnailUrl\":\"https:\\\/\\\/kapapuit.ee\\\/wp-content\\\/uploads\\\/2015\\\/02\\\/avaleht-mangumaja.jpg\",\"datePublished\":\"2015-08-06T18:57:53+00:00\",\"dateModified\":\"2023-08-10T10:20:33+00:00\",\"breadcrumb\":{\"@id\":\"https:\\\/\\\/kapapuit.ee\\\/de\\\/#breadcrumb\"},\"inLanguage\":\"de\",\"potentialAction\":[{\"@type\":\"ReadAction\",\"target\":[\"https:\\\/\\\/kapapuit.ee\\\/de\\\/\"]}]},{\"@type\":\"ImageObject\",\"inLanguage\":\"de\",\"@id\":\"https:\\\/\\\/kapapuit.ee\\\/de\\\/#primaryimage\",\"url\":\"https:\\\/\\\/kapapuit.ee\\\/wp-content\\\/uploads\\\/2015\\\/02\\\/avaleht-mangumaja.jpg\",\"contentUrl\":\"https:\\\/\\\/kapapuit.ee\\\/wp-content\\\/uploads\\\/2015\\\/02\\\/avaleht-mangumaja.jpg\"},{\"@type\":\"BreadcrumbList\",\"@id\":\"https:\\\/\\\/kapapuit.ee\\\/de\\\/#breadcrumb\",\"itemListElement\":[{\"@type\":\"ListItem\",\"position\":1,\"name\":\"Home\",\"item\":\"https:\\\/\\\/kapapuit.ee\\\/de\\\/\"},{\"@type\":\"ListItem\",\"position\":2,\"name\":\"Startsite\"}]},{\"@type\":\"WebSite\",\"@id\":\"https:\\\/\\\/kapapuit.ee\\\/de\\\/#website\",\"url\":\"https:\\\/\\\/kapapuit.ee\\\/de\\\/\",\"name\":\"Kapa Puit\",\"description\":\"Puidust laste m\u00e4ngumajade tootmine\",\"potentialAction\":[{\"@type\":\"SearchAction\",\"target\":{\"@type\":\"EntryPoint\",\"urlTemplate\":\"https:\\\/\\\/kapapuit.ee\\\/de\\\/?s={search_term_string}\"},\"query-input\":{\"@type\":\"PropertyValueSpecification\",\"valueRequired\":true,\"valueName\":\"search_term_string\"}}],\"inLanguage\":\"de\"}]}<\/script>\n<!-- \/ Yoast SEO plugin. -->","yoast_head_json":{"title":"Startsite - Kapa Puit","robots":{"index":"index","follow":"follow","max-snippet":"max-snippet:-1","max-image-preview":"max-image-preview:large","max-video-preview":"max-video-preview:-1"},"canonical":"https:\/\/kapapuit.ee\/de\/","og_locale":"de_DE","og_type":"article","og_title":"Startsite - Kapa Puit","og_description":"Spielh\u00e4user Gartenh\u00e4user und Schuppen Gartenm\u00f6bel Regale Brikett","og_url":"https:\/\/kapapuit.ee\/de\/","og_site_name":"Kapa Puit","article_modified_time":"2023-08-10T10:20:33+00:00","og_image":[{"url":"https:\/\/kapapuit.ee\/wp-content\/uploads\/2015\/02\/avaleht-mangumaja.jpg","type":"","width":"","height":""}],"twitter_misc":{"Gesch\u00e4tzte Lesezeit":"2\u00a0Minuten"},"schema":{"@context":"https:\/\/schema.org","@graph":[{"@type":"WebPage","@id":"https:\/\/kapapuit.ee\/de\/","url":"https:\/\/kapapuit.ee\/de\/","name":"Startsite - Kapa Puit","isPartOf":{"@id":"https:\/\/kapapuit.ee\/de\/#website"},"primaryImageOfPage":{"@id":"https:\/\/kapapuit.ee\/de\/#primaryimage"},"image":{"@id":"https:\/\/kapapuit.ee\/de\/#primaryimage"},"thumbnailUrl":"https:\/\/kapapuit.ee\/wp-content\/uploads\/2015\/02\/avaleht-mangumaja.jpg","datePublished":"2015-08-06T18:57:53+00:00","dateModified":"2023-08-10T10:20:33+00:00","breadcrumb":{"@id":"https:\/\/kapapuit.ee\/de\/#breadcrumb"},"inLanguage":"de","potentialAction":[{"@type":"ReadAction","target":["https:\/\/kapapuit.ee\/de\/"]}]},{"@type":"ImageObject","inLanguage":"de","@id":"https:\/\/kapapuit.ee\/de\/#primaryimage","url":"https:\/\/kapapuit.ee\/wp-content\/uploads\/2015\/02\/avaleht-mangumaja.jpg","contentUrl":"https:\/\/kapapuit.ee\/wp-content\/uploads\/2015\/02\/avaleht-mangumaja.jpg"},{"@type":"BreadcrumbList","@id":"https:\/\/kapapuit.ee\/de\/#breadcrumb","itemListElement":[{"@type":"ListItem","position":1,"name":"Home","item":"https:\/\/kapapuit.ee\/de\/"},{"@type":"ListItem","position":2,"name":"Startsite"}]},{"@type":"WebSite","@id":"https:\/\/kapapuit.ee\/de\/#website","url":"https:\/\/kapapuit.ee\/de\/","name":"Kapa Puit","description":"Puidust laste m\u00e4ngumajade tootmine","potentialAction":[{"@type":"SearchAction","target":{"@type":"EntryPoint","urlTemplate":"https:\/\/kapapuit.ee\/de\/?s={search_term_string}"},"query-input":{"@type":"PropertyValueSpecification","valueRequired":true,"valueName":"search_term_string"}}],"inLanguage":"de"}]}},"_links":{"self":[{"href":"https:\/\/kapapuit.ee\/de\/wp-json\/wp\/v2\/pages\/195","targetHints":{"allow":["GET"]}}],"collection":[{"href":"https:\/\/kapapuit.ee\/de\/wp-json\/wp\/v2\/pages"}],"about":[{"href":"https:\/\/kapapuit.ee\/de\/wp-json\/wp\/v2\/types\/page"}],"author":[{"embeddable":true,"href":"https:\/\/kapapuit.ee\/de\/wp-json\/wp\/v2\/users\/1"}],"replies":[{"embeddable":true,"href":"https:\/\/kapapuit.ee\/de\/wp-json\/wp\/v2\/comments?post=195"}],"version-history":[{"count":5,"href":"https:\/\/kapapuit.ee\/de\/wp-json\/wp\/v2\/pages\/195\/revisions"}],"predecessor-version":[{"id":5174,"href":"https:\/\/kapapuit.ee\/de\/wp-json\/wp\/v2\/pages\/195\/revisions\/5174"}],"wp:attachment":[{"href":"https:\/\/kapapuit.ee\/de\/wp-json\/wp\/v2\/media?parent=195"}],"curies":[{"name":"wp","href":"https:\/\/api.w.org\/{rel}","templated":true}]}}